{"id":16,"date":"2026-04-23T11:52:41","date_gmt":"2026-04-23T11:52:41","guid":{"rendered":"https:\/\/infosys.pt\/?page_id=16"},"modified":"2026-04-27T09:06:15","modified_gmt":"2026-04-27T09:06:15","slug":"home","status":"publish","type":"page","link":"https:\/\/infosys.pt\/","title":{"rendered":"Home"},"content":{"rendered":"\n<div class=\"wp-block-cover alignfull is-light\" style=\"min-height:720px;aspect-ratio:unset;\"><span aria-hidden=\"true\" class=\"wp-block-cover__background has-background-dim-100 has-background-dim has-background-gradient\" style=\"background:linear-gradient(35deg,rgb(6,0,151) 0%,rgb(130,4,255) 73%,rgb(193,15,255) 100%)\"><\/span><div class=\"wp-block-cover__inner-container is-layout-flow wp-block-cover-is-layout-flow\">\n<div class=\"inherit-container-width wp-block-group alignwide is-layout-constrained wp-block-group-is-layout-constrained\">\n<div class=\"wp-block-media-text alignwide has-media-on-the-right is-stacked-on-mobile is-vertically-aligned-center\" style=\"grid-template-columns:auto 43%\"><div class=\"wp-block-media-text__content\">\n<h2 class=\"wp-block-heading has-text-align-left has-white-color has-text-color\">A sua ideia \u00e9 importante!<\/h2>\n\n\n\n<p class=\"has-white-color has-text-color\">Na Infosys, especializamo-nos em criar solu\u00e7\u00f5es digitais \u00e0 medida, focadas no ecossistema empresarial portugu\u00eas. Combinamos design inovador com tecnologia de ponta para entregar resultados reais.<\/p>\n\n\n\n<div class=\"wp-block-buttons is-layout-flex wp-block-buttons-is-layout-flex\">\n<div class=\"wp-block-button\"><a class=\"wp-block-button__link wp-element-button\" href=\"https:\/\/infosys.pt\/index.php\/contacto\/\">Pe\u00e7a um Or\u00e7amento<\/a><\/div>\n<\/div>\n<\/div><figure class=\"wp-block-media-text__media\"><img decoding=\"async\" src=\"https:\/\/infosys.pt\/wp-content\/themes\/astra\/inc\/assets\/images\/starter-content\/hero-img.svg\" alt=\"\" class=\"wp-image-118 size-full\"\/><\/figure><\/div>\n<\/div>\n<\/div><\/div>\n\n\n\n<div class=\"wp-block-group alignfull has-ast-global-color-5-background-color has-background is-layout-constrained wp-container-core-group-is-layout-94d206d0 wp-block-group-is-layout-constrained\" id=\"sobre\" style=\"padding-top:143px;padding-bottom:144px\">\n<div class=\"wp-block-media-text has-media-on-the-right is-stacked-on-mobile is-vertically-aligned-center\"><div class=\"wp-block-media-text__content\">\n<div class=\"inherit-container-width wp-block-group is-layout-constrained wp-container-core-group-is-layout-47ce07ec wp-block-group-is-layout-constrained\" style=\"padding-right:80px\">\n<h2 class=\"wp-block-heading\" style=\"padding-right:40px\">Ajudamo-lo a construir o neg\u00f3cio dos seus sonhos.<\/h2>\n\n\n\n<p>Na <strong>Infosys<\/strong>, criamos experi\u00eancias digitais \u00fanicas e memor\u00e1veis. Somos especialistas em <strong>web design e desenvolvimento<\/strong> de sites modernos, intuitivos e totalmente responsivos.<\/p>\n\n\n\n<p>Focamos na performance e na inova\u00e7\u00e3o para destacar a sua marca no mercado global. Transforme a sua presen\u00e7a online com solu\u00e7\u00f5es criativas e resultados de excel\u00eancia.<\/p>\n<\/div>\n<\/div><figure class=\"wp-block-media-text__media\"><img decoding=\"async\" src=\"https:\/\/infosys.pt\/wp-content\/themes\/astra\/inc\/assets\/images\/starter-content\/about-us.jpg\" alt=\"\" class=\"wp-image-237 size-full\"\/><\/figure><\/div>\n<\/div>\n\n\n\n<div class=\"wp-block-group alignfull has-background is-layout-constrained wp-container-core-group-is-layout-16d1292b wp-block-group-is-layout-constrained\" id=\"servicos\" style=\"background-color:#4898b6;padding-bottom:0px\">\n<h2 class=\"wp-block-heading\">Os Nossos Servi\u00e7os<\/h2>\n\n\n\n<div class=\"wp-block-columns are-vertically-aligned-top is-layout-flex wp-container-core-columns-is-layout-00723822 wp-block-columns-is-layout-flex\">\n<div class=\"wp-block-column is-vertically-aligned-top is-layout-flow wp-container-core-column-is-layout-6b73ce23 wp-block-column-is-layout-flow\">\n<figure class=\"wp-block-image size-large\"><img decoding=\"async\" src=\"https:\/\/infosys.pt\/wp-content\/themes\/astra\/inc\/assets\/images\/starter-content\/building.svg\" alt=\"\" class=\"wp-image-134\"\/><\/figure>\n\n\n\n<h3 class=\"wp-block-heading has-text-align-left\" style=\"margin-top:16px\">Neg\u00f3cios locais<\/h3>\n\n\n\n<p class=\"has-text-align-left has-white-color has-text-color has-link-color wp-elements-7bce77f989e455b22d1024c52549a284\">Criamos sites profissionais e personalizados, focados em resultados, que fortalecem a imagem da sua empresa e impulsionam o seu neg\u00f3cio online.<\/p>\n<\/div>\n\n\n\n<div class=\"wp-block-column is-vertically-aligned-top is-layout-flow wp-container-core-column-is-layout-6b73ce23 wp-block-column-is-layout-flow\">\n<figure class=\"wp-block-image size-large\"><img decoding=\"async\" src=\"https:\/\/infosys.pt\/wp-content\/themes\/astra\/inc\/assets\/images\/starter-content\/shopping-bag.svg\" alt=\"\" class=\"wp-image-135\"\/><\/figure>\n\n\n\n<h3 class=\"wp-block-heading has-text-align-left\" style=\"margin-top:16px\">Lojas Online<\/h3>\n\n\n\n<p class=\"has-text-align-left has-white-color has-text-color has-link-color wp-elements-4d109b57aaed8ac3c691309f344619bb\">Criamos lojas online de alta performance, focadas em vendas e experi\u00eancia do utilizador, com design apelativo e gest\u00e3o simples do neg\u00f3cio.<\/p>\n<\/div>\n\n\n\n<div class=\"wp-block-column is-vertically-aligned-top is-layout-flow wp-container-core-column-is-layout-6b73ce23 wp-block-column-is-layout-flow\">\n<figure class=\"wp-block-image size-large\"><img decoding=\"async\" src=\"https:\/\/infosys.pt\/wp-content\/themes\/astra\/inc\/assets\/images\/starter-content\/blog.svg\" alt=\"\" class=\"wp-image-136\"\/><\/figure>\n\n\n\n<h3 class=\"wp-block-heading has-text-align-left\" style=\"margin-top:16px\">P\u00e1ginas Pessoais<\/h3>\n\n\n\n<p class=\"has-text-align-left has-white-color has-text-color has-link-color wp-elements-d68020294492346dfbb03070d37114d0\">Criamos sites pessoais exclusivos que destacam a sua identidade, valorizam o seu percurso e garantem uma presen\u00e7a digital profissional marcante.<\/p>\n<\/div>\n\n\n\n<div class=\"wp-block-column is-vertically-aligned-top is-layout-flow wp-container-core-column-is-layout-6b73ce23 wp-block-column-is-layout-flow\">\n<figure class=\"wp-block-image size-large\"><img decoding=\"async\" src=\"https:\/\/infosys.pt\/wp-content\/themes\/astra\/inc\/assets\/images\/starter-content\/portfolio.svg\" alt=\"\" class=\"wp-image-137\"\/><\/figure>\n\n\n\n<h3 class=\"wp-block-heading has-text-align-left\" style=\"margin-top:16px\">Portf\u00f3lios<\/h3>\n\n\n\n<p class=\"has-text-align-left has-white-color has-text-color has-link-color wp-elements-6cfef578459e4b801d8267706d96c8c0\">Criamos portfolios pessoais exclusivos e impactantes, focados em destacar o seu talento e percurso profissional atrav\u00e9s de design moderno e funcional.<\/p>\n\n\n\n<hr class=\"wp-block-separator has-text-color has-alpha-channel-opacity has-background is-style-wide\" style=\"margin-top:var(--wp--preset--spacing--60);margin-bottom:var(--wp--preset--spacing--60);background-color:#4898b6;color:#4898b6\"\/>\n<\/div>\n<\/div>\n<\/div>\n\n\n\n<div class=\"wp-block-group alignfull is-layout-constrained wp-container-core-group-is-layout-7fffc720 wp-block-group-is-layout-constrained\" id=\"destaque\" style=\"padding-top:144px;padding-bottom:0px\">\n<h2 class=\"wp-block-heading\">Onde  nos Destacamos<\/h2>\n\n\n\n<div class=\"wp-block-columns is-layout-flex wp-container-core-columns-is-layout-60cbf9bb wp-block-columns-is-layout-flex\" style=\"margin-top:50px\">\n<div class=\"wp-block-column is-layout-flow wp-container-core-column-is-layout-6b73ce23 wp-block-column-is-layout-flow\">\n<figure class=\"wp-block-image size-full\"><img decoding=\"async\" src=\"https:\/\/infosys.pt\/wp-content\/themes\/astra\/inc\/assets\/images\/starter-content\/branding.jpg\" alt=\"\" class=\"wp-image-230\"\/><\/figure>\n\n\n\n<h3 class=\"wp-block-heading\" style=\"margin-top:16px\">Design de Marca<\/h3>\n\n\n\n<p>Criamos identidades visuais memor\u00e1veis e coerentes, unindo design estrat\u00e9gico \u00e0 performance digital para destacar a sua marca no mercado online.<\/p>\n<\/div>\n\n\n\n<div class=\"wp-block-column is-layout-flow wp-container-core-column-is-layout-6b73ce23 wp-block-column-is-layout-flow\">\n<figure class=\"wp-block-image size-full\"><img decoding=\"async\" src=\"https:\/\/infosys.pt\/wp-content\/themes\/astra\/inc\/assets\/images\/starter-content\/graphic.jpg\" alt=\"\" class=\"wp-image-232\"\/><\/figure>\n\n\n\n<h3 class=\"wp-block-heading\" style=\"margin-top:16px\">Design Gr\u00e1fico<\/h3>\n\n\n\n<p>Desenvolvemos identidades visuais marcantes e interfaces intuitivas que elevam a experi\u00eancia do utilizador, garantindo uma presen\u00e7a digital moderna e profissional.<\/p>\n<\/div>\n\n\n\n<div class=\"wp-block-column is-layout-flow wp-container-core-column-is-layout-6b73ce23 wp-block-column-is-layout-flow\">\n<figure class=\"wp-block-image size-full\"><img decoding=\"async\" src=\"https:\/\/infosys.pt\/wp-content\/themes\/astra\/inc\/assets\/images\/starter-content\/web.jpg\" alt=\"\" class=\"wp-image-231\"\/><\/figure>\n\n\n\n<h3 class=\"wp-block-heading\" style=\"margin-top:16px\">Desenvolvimento Web<\/h3>\n\n\n\n<p>Criamos websites inovadores, focados na experi\u00eancia do utilizador e performance, utilizando tecnologias de ponta para potenciar a sua presen\u00e7a digital.<\/p>\n\n\n\n<hr class=\"wp-block-separator has-text-color has-white-color has-alpha-channel-opacity has-white-background-color has-background\" style=\"margin-top:var(--wp--preset--spacing--70);margin-bottom:var(--wp--preset--spacing--70)\"\/>\n<\/div>\n<\/div>\n<\/div>\n\n\n\n<div class=\"wp-block-group alignfull has-ast-global-color-4-background-color has-background is-layout-constrained wp-container-core-group-is-layout-6a2cfb7b wp-block-group-is-layout-constrained\" id=\"clientes\">\n<figure class=\"wp-block-image aligncenter size-full is-resized is-style-rounded\" style=\"margin-top:0;margin-bottom:0\"><img loading=\"lazy\" decoding=\"async\" width=\"292\" height=\"318\" src=\"https:\/\/infosys.pt\/wp-content\/uploads\/2026\/04\/deby.png\" alt=\"\" class=\"wp-image-105\" style=\"width:74px;height:auto\" srcset=\"https:\/\/infosys.pt\/wp-content\/uploads\/2026\/04\/deby.png 292w, https:\/\/infosys.pt\/wp-content\/uploads\/2026\/04\/deby-275x300.png 275w\" sizes=\"auto, (max-width: 292px) 100vw, 292px\" \/><\/figure>\n\n\n\n<p>Fiquei extremamente satisfeita com o resultado final da minha loja online (<a href=\"http:\/\/filarte.pt\" data-type=\"link\" data-id=\"filarte.pt\" target=\"_blank\" rel=\"noreferrer noopener\">filarte.pt<\/a>). A equipa demonstrou um profissionalismo irrepreens\u00edvel, desde o apoio inicial ao acompanhamento constante. O suporte p\u00f3s-desenvolvimento tem sido fundamental e muito eficiente. Recomendo vivamente esta empresa de design pela excel\u00eancia e dedica\u00e7\u00e3o demonstradas em todo o projeto.<\/p>\n\n\n\n<p class=\"has-text-align-center has-ast-global-color-2-color has-text-color\">D\u00e9bora Caldeira<\/p>\n<\/div>\n\n\n\n<div class=\"wp-block-group alignfull is-layout-constrained wp-container-core-group-is-layout-3fee123f wp-block-group-is-layout-constrained\" id=\"porquenos\" style=\"padding-top:144px;padding-bottom:144px\">\n<h2 class=\"wp-block-heading\">Porqu\u00ea escolher a Infosys<\/h2>\n\n\n\n<div class=\"wp-block-columns is-layout-flex wp-container-core-columns-is-layout-29aadeec wp-block-columns-is-layout-flex\" style=\"margin-top:60px\">\n<div class=\"wp-block-column is-layout-flow wp-container-core-column-is-layout-6b73ce23 wp-block-column-is-layout-flow\">\n<figure class=\"wp-block-image size-large\"><img decoding=\"async\" src=\"https:\/\/infosys.pt\/wp-content\/themes\/astra\/inc\/assets\/images\/starter-content\/passionate.svg\" alt=\"\" class=\"wp-image-162\"\/><\/figure>\n\n\n\n<h3 class=\"wp-block-heading\" style=\"margin-top:16px\">Envolvimento<\/h3>\n\n\n\n<p>Dedicamo-nos a cada projeto com um entusiasmo contagiante. Aliamos o rigor t\u00e9cnico \u00e0 entrega emocional, garantindo que a nossa paix\u00e3o transparece em solu\u00e7\u00f5es criativas, personalizadas e profundamente impactantes.<\/p>\n<\/div>\n\n\n\n<div class=\"wp-block-column is-layout-flow wp-container-core-column-is-layout-6b73ce23 wp-block-column-is-layout-flow\">\n<figure class=\"wp-block-image size-large\"><img decoding=\"async\" src=\"https:\/\/infosys.pt\/wp-content\/themes\/astra\/inc\/assets\/images\/starter-content\/professional.svg\" alt=\"\" class=\"wp-image-163\"\/><\/figure>\n\n\n\n<h3 class=\"wp-block-heading\" style=\"margin-top:16px\">Profissionalismo<\/h3>\n\n\n\n<p>Pautamos a nossa atua\u00e7\u00e3o pelo rigor e excel\u00eancia, garantindo o cumprimento de prazos e objetivos. O nosso profissionalismo reflete-se em solu\u00e7\u00f5es criativas, entregas impec\u00e1veis e um acompanhamento ao cliente exemplar.<\/p>\n<\/div>\n\n\n\n<div class=\"wp-block-column is-layout-flow wp-container-core-column-is-layout-6b73ce23 wp-block-column-is-layout-flow\">\n<figure class=\"wp-block-image size-large\"><img decoding=\"async\" src=\"https:\/\/infosys.pt\/wp-content\/themes\/astra\/inc\/assets\/images\/starter-content\/support.svg\" alt=\"\" class=\"wp-image-164\"\/><\/figure>\n\n\n\n<h3 class=\"wp-block-heading\" style=\"margin-top:16px\">Suporte<\/h3>\n\n\n\n<p>Especializada no acompanhamento cont\u00ednuo, a nossa empresa garante apoio t\u00e9cnico rigoroso e solu\u00e7\u00f5es \u00e1geis. Priorizamos a proximidade com o cliente, assegurando total disponibilidade e manuten\u00e7\u00e3o eficaz em cada projeto desenvolvido.<\/p>\n<\/div>\n<\/div>\n<\/div>\n\n\n\n<div class=\"wp-block-group alignfull has-background is-layout-constrained wp-container-core-group-is-layout-6f68e8be wp-block-group-is-layout-constrained\" id=\"contacto\" style=\"background:linear-gradient(35deg,rgb(6,0,151) 0%,rgb(130,4,255) 64%,rgb(193,15,255) 98%);padding-top:104px;padding-bottom:104px\">\n<h2 class=\"wp-block-heading has-text-align-center has-text-color\" style=\"color:#ffffff\">Crie um site profissional hoje mesmo!<\/h2>\n\n\n\n<div class=\"wp-block-buttons alignwide is-horizontal is-content-justification-center is-layout-flex wp-container-core-buttons-is-layout-bba8380a wp-block-buttons-is-layout-flex\" style=\"margin-top:50px\">\n<div class=\"wp-block-button\"><a class=\"wp-block-button__link wp-element-button\" href=\"https:\/\/infosys.pt\/index.php\/contacto\/\">Pe\u00e7a um Or\u00e7amento<\/a><\/div>\n<\/div>\n<\/div>\n","protected":false},"excerpt":{"rendered":"<p>Ajudamo-lo a construir o neg\u00f3cio dos seus sonhos. Na Infosys, criamos experi\u00eancias digitais \u00fanicas e memor\u00e1veis. Somos especialistas em web [&hellip;]<\/p>\n","protected":false},"author":1,"featured_media":0,"parent":0,"menu_order":0,"comment_status":"closed","ping_status":"closed","template":"","meta":{"site-sidebar-layout":"no-sidebar","site-content-layout":"plain-container","ast-site-content-layout":"default","site-content-style":"default","site-sidebar-style":"default","ast-global-header-display":"","ast-banner-title-visibility":"","ast-main-header-display":"","ast-hfb-above-header-display":"","ast-hfb-below-header-display":"","ast-hfb-mobile-header-display":"","site-post-title":"disabled","ast-breadcrumbs-content":"","ast-featured-img":"","footer-sml-layout":"","ast-disable-related-posts":"","theme-transparent-header-meta":"enabled","adv-header-id-meta":"","stick-header-meta":"","header-above-stick-meta":"","header-main-stick-meta":"","header-below-stick-meta":"","astra-migrate-meta-layouts":"default","ast-page-background-enabled":"default","ast-page-background-meta":{"desktop":{"background-color":"var(--ast-global-color-5)","background-image":"","background-repeat":"repeat","background-position":"center center","background-size":"auto","background-attachment":"scroll","background-type":"","background-media":"","overlay-type":"","overlay-color":"","overlay-opacity":"","overlay-gradient":""},"tablet":{"background-color":"","background-image":"","background-repeat":"repeat","background-position":"center center","background-size":"auto","background-attachment":"scroll","background-type":"","background-media":"","overlay-type":"","overlay-color":"","overlay-opacity":"","overlay-gradient":""},"mobile":{"background-color":"","background-image":"","background-repeat":"repeat","background-position":"center center","background-size":"auto","background-attachment":"scroll","background-type":"","background-media":"","overlay-type":"","overlay-color":"","overlay-opacity":"","overlay-gradient":""}},"ast-content-background-meta":{"desktop":{"background-color":"var(--ast-global-color-4)","background-image":"","background-repeat":"repeat","background-position":"center center","background-size":"auto","background-attachment":"scroll","background-type":"","background-media":"","overlay-type":"","overlay-color":"","overlay-opacity":"","overlay-gradient":""},"tablet":{"background-color":"var(--ast-global-color-4)","background-image":"","background-repeat":"repeat","background-position":"center center","background-size":"auto","background-attachment":"scroll","background-type":"","background-media":"","overlay-type":"","overlay-color":"","overlay-opacity":"","overlay-gradient":""},"mobile":{"background-color":"var(--ast-global-color-4)","background-image":"","background-repeat":"repeat","background-position":"center center","background-size":"auto","background-attachment":"scroll","background-type":"","background-media":"","overlay-type":"","overlay-color":"","overlay-opacity":"","overlay-gradient":""}},"footnotes":""},"class_list":["post-16","page","type-page","status-publish","hentry"],"_links":{"self":[{"href":"https:\/\/infosys.pt\/index.php\/wp-json\/wp\/v2\/pages\/16","targetHints":{"allow":["GET"]}}],"collection":[{"href":"https:\/\/infosys.pt\/index.php\/wp-json\/wp\/v2\/pages"}],"about":[{"href":"https:\/\/infosys.pt\/index.php\/wp-json\/wp\/v2\/types\/page"}],"author":[{"embeddable":true,"href":"https:\/\/infosys.pt\/index.php\/wp-json\/wp\/v2\/users\/1"}],"replies":[{"embeddable":true,"href":"https:\/\/infosys.pt\/index.php\/wp-json\/wp\/v2\/comments?post=16"}],"version-history":[{"count":41,"href":"https:\/\/infosys.pt\/index.php\/wp-json\/wp\/v2\/pages\/16\/revisions"}],"predecessor-version":[{"id":114,"href":"https:\/\/infosys.pt\/index.php\/wp-json\/wp\/v2\/pages\/16\/revisions\/114"}],"wp:attachment":[{"href":"https:\/\/infosys.pt\/index.php\/wp-json\/wp\/v2\/media?parent=16"}],"curies":[{"name":"wp","href":"https:\/\/api.w.org\/{rel}","templated":true}]}}